{"id":54,"date":"2020-11-04T16:24:15","date_gmt":"2020-11-04T15:24:15","guid":{"rendered":"http:\/\/meta-music.org\/?post_type=product&#038;p=54"},"modified":"2022-06-29T21:29:09","modified_gmt":"2022-06-29T19:29:09","slug":"le-prophete","status":"publish","type":"product","link":"https:\/\/meta-music.org\/en\/product\/le-prophete\/","title":{"rendered":"The Prophet"},"content":{"rendered":"<h3>The Prophet by Khalil Gibran is a wisdom book unanimously appreciated for the simplicity, depth and beauty of its texts. His writings provide essential keys to access a life rich in meaning. Music also provides these keys, it is\u00a0<b>a universal language, that of the harmony of sounds.<\/b>. Comme dans ses pr\u00e9c\u00e9dents albums, Eric Aron nous propose cette vision harmonieuse et transformatrice de la musique au travers d&rsquo;une cr\u00e9ation inspir\u00e9e de seize textes du Proph\u00e8te.<\/h3>\n<p>Excerpts from the album:<\/p>\n<p>Almitra :\u00a0<a href=\"http:\/\/www.pegase.org\/wp-content\/uploads\/2015\/08\/pro01.mp3\" target=\"_blank\" rel=\"noopener noreferrer\"><b>click here<\/b><\/a><br \/>\nLa Beaut\u00e9 :\u00a0<a href=\"http:\/\/www.pegase.org\/wp-content\/uploads\/2015\/08\/pro02.mp3\" target=\"_blank\" rel=\"noopener noreferrer\"><b>click here<\/b><\/a><br \/>\nJoie et Tristesse :\u00a0<a href=\"http:\/\/www.pegase.org\/wp-content\/uploads\/2015\/08\/pro03.mp3\" target=\"_blank\" rel=\"noopener noreferrer\"><b>click here<\/b><\/a><br \/>\nLe Don :\u00a0<a href=\"http:\/\/www.pegase.org\/wp-content\/uploads\/2015\/08\/pro04.mp3\" target=\"_blank\" rel=\"noopener noreferrer\"><b>click here<\/b><\/a><br \/>\nLa Connaissance de Soi :\u00a0<a href=\"http:\/\/www.pegase.org\/wp-content\/uploads\/2015\/08\/pro05.mp3\" target=\"_blank\" rel=\"noopener noreferrer\"><b>click here<\/b><\/a><br \/>\nLa Pri\u00e8re :\u00a0<a href=\"http:\/\/www.pegase.org\/wp-content\/uploads\/2015\/08\/pro06.mp3\" target=\"_blank\" rel=\"noopener noreferrer\"><b>click here<\/b><\/a><br \/>\nL&rsquo;Enseignement :\u00a0<a href=\"http:\/\/www.pegase.org\/wp-content\/uploads\/2015\/08\/pro07.mp3\" target=\"_blank\" rel=\"noopener noreferrer\"><b>click here<\/b><\/a><br \/>\nLe Mariage :\u00a0<a href=\"http:\/\/www.pegase.org\/wp-content\/uploads\/2015\/08\/pro08.mp3\" target=\"_blank\" rel=\"noopener noreferrer\"><b>click here<\/b><\/a><br \/>\nLa Libert\u00e9 :\u00a0<a href=\"http:\/\/www.pegase.org\/wp-content\/uploads\/2015\/08\/pro09.mp3\" target=\"_blank\" rel=\"noopener noreferrer\"><b>click here<\/b><\/a><br \/>\nL&rsquo;Amiti\u00e9 :\u00a0<a href=\"http:\/\/www.pegase.org\/wp-content\/uploads\/2015\/08\/pro10.mp3\" target=\"_blank\" rel=\"noopener noreferrer\"><b>click here<\/b><\/a><br \/>\nBien et Mal :\u00a0<a href=\"http:\/\/www.pegase.org\/wp-content\/uploads\/2015\/08\/pro11.mp3\" target=\"_blank\" rel=\"noopener noreferrer\"><b>click here<\/b><\/a><br \/>\nL&rsquo;Amour :\u00a0<a href=\"http:\/\/www.pegase.org\/wp-content\/uploads\/2015\/08\/pro12.mp3\" target=\"_blank\" rel=\"noopener noreferrer\"><b>click here<\/b><\/a><br \/>\nRaison et Passion :\u00a0<a href=\"http:\/\/www.pegase.org\/wp-content\/uploads\/2015\/08\/pro13.mp3\" target=\"_blank\" rel=\"noopener noreferrer\"><b>click here<\/b><\/a><br \/>\nLe Temps :\u00a0<a href=\"http:\/\/www.pegase.org\/wp-content\/uploads\/2015\/08\/pro14.mp3\" target=\"_blank\" rel=\"noopener noreferrer\"><b>click here<\/b><\/a><br \/>\nLe Bateau :\u00a0<a href=\"http:\/\/www.pegase.org\/wp-content\/uploads\/2015\/08\/pro15.mp3\" target=\"_blank\" rel=\"noopener noreferrer\"><b>click here<\/b><\/a><br \/>\nD\u00e9part d&rsquo;Orphalese :\u00a0<a href=\"http:\/\/www.pegase.org\/wp-content\/uploads\/2015\/08\/pro16.mp3\" target=\"_blank\" rel=\"noopener noreferrer\"><b>click here<\/b><\/a><\/p>","protected":false},"excerpt":{"rendered":"<h2>LE PROPH\u00c8TE<\/h2>\n<h3><strong>Eric Aron<\/strong>: Composer &amp; Performer<\/h3>\n<h3>This relaxation CD is ideal for appeasing and calming. Its sweet melodies invite<br \/>\ndreams and travels in order to free our mind and overcome our current difficulties.<\/h3>","protected":false},"featured_media":55,"comment_status":"open","ping_status":"closed","template":"","meta":[],"product_brand":[],"product_cat":[17],"product_tag":[],"class_list":{"0":"post-54","1":"product","2":"type-product","3":"status-publish","4":"has-post-thumbnail","6":"product_cat-cd","8":"first","9":"instock","10":"shipping-taxable","11":"purchasable","12":"product-type-simple"},"_links":{"self":[{"href":"https:\/\/meta-music.org\/en\/wp-json\/wp\/v2\/product\/54","targetHints":{"allow":["GET"]}}],"collection":[{"href":"https:\/\/meta-music.org\/en\/wp-json\/wp\/v2\/product"}],"about":[{"href":"https:\/\/meta-music.org\/en\/wp-json\/wp\/v2\/types\/product"}],"replies":[{"embeddable":true,"href":"https:\/\/meta-music.org\/en\/wp-json\/wp\/v2\/comments?post=54"}],"wp:featuredmedia":[{"embeddable":true,"href":"https:\/\/meta-music.org\/en\/wp-json\/wp\/v2\/media\/55"}],"wp:attachment":[{"href":"https:\/\/meta-music.org\/en\/wp-json\/wp\/v2\/media?parent=54"}],"wp:term":[{"taxonomy":"product_brand","embeddable":true,"href":"https:\/\/meta-music.org\/en\/wp-json\/wp\/v2\/product_brand?post=54"},{"taxonomy":"product_cat","embeddable":true,"href":"https:\/\/meta-music.org\/en\/wp-json\/wp\/v2\/product_cat?post=54"},{"taxonomy":"product_tag","embeddable":true,"href":"https:\/\/meta-music.org\/en\/wp-json\/wp\/v2\/product_tag?post=54"}],"curies":[{"name":"wp","href":"https:\/\/api.w.org\/{rel}","templated":true}]}}