{"id":2466,"date":"2024-01-29T09:45:55","date_gmt":"2024-01-29T08:45:55","guid":{"rendered":"https:\/\/meta-music.org\/?page_id=2466"},"modified":"2024-01-29T09:45:55","modified_gmt":"2024-01-29T08:45:55","slug":"politique-de-confidentialite-2","status":"publish","type":"page","link":"https:\/\/meta-music.org\/en\/politique-de-confidentialite-2\/","title":{"rendered":"Politique de Confidentialit\u00e9"},"content":{"rendered":"<h1>Donn\u00e9es personnelles &amp; confidentialit\u00e9<\/h1>\n<h2>\nPr\u00e9ambule<\/h2>\n<p>Soucieux des donn\u00e9es \u00e0 caract\u00e8re personnel, nous nous engageons \u00e0 assurer la conformit\u00e9 des traitements op\u00e9r\u00e9s dans le cadre du R\u00e8glement 2016\/679 du Parlement Europ\u00e9en sur la Protection des Donn\u00e9es Personnelles (RGPD) entr\u00e9 en vigueur le 25 mai 2018.<\/p>\n<p>Pour ce faire, il a \u00e9t\u00e9 mis en place une politique de confidentialit\u00e9 afin de garantir un niveau de protection optimal des donn\u00e9es collect\u00e9es.<\/p>\n<p>Cette politique de confidentialit\u00e9 est susceptible d\u2019\u00eatre modifi\u00e9e ou compl\u00e9t\u00e9e \u00e0 tout moment par la SARL P\u00e9gase, notamment en vue de se conformer \u00e0 toute \u00e9volution l\u00e9gislative, r\u00e8glementaire, jurisprudentielle ou technologique. Ces modifications engagent l\u2019Utilisateur d\u00e8s leur mise en ligne. Il convient par cons\u00e9quent que l\u2019Utilisateur consulte r\u00e9guli\u00e8rement la pr\u00e9sente politique de confidentialit\u00e9 et d\u2019utilisation des cookies afin de prendre connaissance de ses \u00e9ventuelles modifications<\/p>\n<p>Si vous ne souhaitez pas voir vos donn\u00e9es collect\u00e9es dans les conditions d\u00e9finies ci-apr\u00e8s, vous devez imp\u00e9rativement vous abstenir d\u2019utiliser ce site Web.<\/p>\n<h2>Responsable du Traitement<\/h2>\n<p>Pour ce qui concerne le site www.meta-music.org , le responsable du traitement des donn\u00e9es personnelles est la SARL P\u00e9gase.<\/p>\n<h2>Information relative \u00e0 BLOCTEL<\/h2>\n<p>Conform\u00e9ment \u00e0 l\u2019Article L223-2 du code de la consommation, en tant que professionnel, nous avons l\u2019obligation de vous informer que pour des fins de fonctionnement, nous sommes amen\u00e9s \u00e0 recueillir vos donn\u00e9es t\u00e9l\u00e9phoniques. En tant que consommateur, vous avez le droit de vous inscrire sur la liste d\u2019opposition au d\u00e9marchage t\u00e9l\u00e9phonique sur le site https:\/\/www.bloctel.gouv.fr\/<br \/>\nMerci de noter que pour autant, nous ne r\u00e9alisons pas de d\u00e9marchage t\u00e9l\u00e9phonique.<\/p>\n<h2>Nature des donn\u00e9es collect\u00e9es<\/h2>\n<p>D\u2019une mani\u00e8re g\u00e9n\u00e9rale, il vous est possible de visiter le site sans communiquer d\u2019informations personnelles vous concernant. En toute hypoth\u00e8se, vous n\u2019\u00eates en aucune mani\u00e8re oblig\u00e9 de transmettre ces informations \u00e0 la SARL P\u00e9gase. N\u00e9anmoins, si vous souhaitez faire une commande de Cds, vos donn\u00e9es seront n\u00e9cessaires pour finaliser votre achat.<\/p>\n<p>Sous r\u00e9serve des lois applicables, nous collectons des donn\u00e9es vous concernant ou concernant tout tiers dont vous nous fournissez les informations lorsque vous :<br \/>\n\u2022 Remplissez des formulaires en ligne : Cela inclut votre nom, pr\u00e9nom et votre email, et votre num\u00e9ro de t\u00e9l\u00e9phone et \u00e9ventuellement le nom, l\u2019adresse de votre entreprise.<br \/>\n\u2022 Passez une commande au sein de la boutique du site meta-music.org ;<br \/>\n\u2022 Cr\u00e9ez un compte en ligne<\/p>\n<p>Nous collectons \u00e9galement de mani\u00e8re indirecte vos Donn\u00e9es au moyen de cookies\/traceurs.<\/p>\n<p>\u2022 Donn\u00e9es relatives \u00e0 la navigation : il s\u2019agit des donn\u00e9es relatives \u00e0 la mani\u00e8re dont vous utilisez les sites comprenant : l\u2019adresse IP, le navigateur utilis\u00e9, la dur\u00e9e de navigation, l\u2019historique des recherches, le syst\u00e8me d\u2019exploitation utilis\u00e9, la langue et les pages visualis\u00e9es.<br \/>\n\u2022 Les donn\u00e9es concernant vos visites sur notre site, y compris les donn\u00e9es de trafic, les fichiers de journal et autres donn\u00e9es ou ressources de communication que vous utilisez en acc\u00e9dant \u00e0 notre site ;<\/p>\n<p>En fournissant ces informations, vous acceptez express\u00e9ment qu\u2019elles soient trait\u00e9es par la SARL P\u00e9gase, aux fins indiqu\u00e9es ci-dessous ainsi qu\u2019aux fins rappel\u00e9es \u00e0 la fin de chaque formulaire.<\/p>\n<h2>Finalit\u00e9 des Traitements<\/h2>\n<p>Sous r\u00e9serve des lois applicables, nous collectons et traitons vos donn\u00e9es personnelles pour les finalit\u00e9s suivantes :<br \/>\n\u2022 La gestion des commandes via la boutique<br \/>\n\u2022 La gestion des comptes en ligne<br \/>\n\u2022 La demande d\u2019informations via le formulaire de contact<\/p>\n<h2>Base de donn\u00e9es et h\u00e9bergement des donn\u00e9es collect\u00e9es<\/h2>\n<p>SARL P\u00e9gase informe que la constitution de cette base n\u2019est r\u00e9alis\u00e9e qu\u2019en interne et exclusivement en vue de l\u2019exploitation des services.<\/p>\n<p>Elle garantit une s\u00e9curisation optimale des donn\u00e9es contenues dans la base, laquelle est h\u00e9berg\u00e9e aupr\u00e8s d\u2019un prestataire d\u2019h\u00e9bergement fran\u00e7ais dont les serveurs sont situ\u00e9s sur le territoire fran\u00e7ais et qui r\u00e9pondent aux obligations l\u00e9gales et r\u00e8glementaires quant aux consid\u00e9rations de s\u00e9curit\u00e9.<\/p>\n<p>En cas de changement de localisation ou de prestataire, la SARL P\u00e9gase s\u2019engage en tout \u00e9tat de cause \u00e0 ce que les serveurs fassent l\u2019objet de toutes les mesures garantissant une s\u00e9curit\u00e9 optimale de ses donn\u00e9es.<\/p>\n<p>Elle s\u2019engage \u00e9galement \u00e0 mettre tous les moyens en \u0153uvre en sa possession pour assurer une s\u00e9curit\u00e9 optimale des donn\u00e9es \u00e0 caract\u00e8re personnel collect\u00e9es dans le respect de la l\u00e9gislation et r\u00e8glementation en vigueur.<\/p>\n<h2>Liens vers des sites tiers :<\/h2>\n<p>Les sites peuvent contenir des liens vers diff\u00e9rents sites et plateformes de r\u00e9seaux sociaux g\u00e9r\u00e9es sur des serveurs tiers, par des personnes ou organisations sur lesquelles la SARL P\u00e9gase n\u2019a aucun contr\u00f4le.<\/p>\n<p>De ce fait, nous ne pouvons en aucun cas \u00eatre tenus pour responsable de la fa\u00e7on dont vos donn\u00e9es seront stock\u00e9es ou utilis\u00e9es sur les serveurs de ces tiers.<\/p>\n<p>Nous vous conseillons de prendre connaissance de la politique applicable en mati\u00e8re de protection des donn\u00e9es \u00e0 caract\u00e8re personnel de chaque site internet tiers auquel vous acc\u00e9derez via notre site afin d\u2019appr\u00e9cier la mani\u00e8re dont seront utilis\u00e9es vos donn\u00e9es.<\/p>\n<h2>Dur\u00e9e de conservation<\/h2>\n<p>Vos donn\u00e9es personnelles sont conserv\u00e9es par la SARL P\u00e9gase uniquement pour le temps correspondant \u00e0 la finalit\u00e9 de la collecte.<\/p>\n<p>Cette dur\u00e9e de conservation n\u2019est pas la m\u00eame selon les donn\u00e9es en cause ; la nature et la finalit\u00e9 de la collecte \u00e9tant susceptible de faire varier cette dur\u00e9e. De m\u00eame, certaines obligations l\u00e9gales imposent une dur\u00e9e de conservation sp\u00e9cifique.<\/p>\n<p>Lorsque vous le demandez, votre compte personnel sera d\u00e9sactiv\u00e9, puis totalement supprim\u00e9 \u00e0 l\u2019issue des dur\u00e9es susmentionn\u00e9es \u00e0 compter du jour o\u00f9 vous en avez formul\u00e9 la demande.<br \/>\nPour information, s\u2019agissant des donn\u00e9es collect\u00e9es au moyen des cookies ou traceurs, elles seront conserv\u00e9es jusqu\u2019\u00e0 six (6) mois pour les cookies ou traceurs mesurant l\u2019audience et jusqu\u2019\u00e0 treize (13) mois pour les autres. Ce qui n\u2019est pas le cas pour le site www.meta-music.org<\/p>\n<h2>Protection des donn\u00e9es<\/h2>\n<p>Vos donn\u00e9es sont conserv\u00e9es sur des serveurs s\u00e9curis\u00e9s et prot\u00e9g\u00e9s par des pare-feu et antivirus.<\/p>\n<p>Compte tenu des particularit\u00e9s inh\u00e9rentes \u00e0 Internet, il nous est toutefois impossible de garantir la s\u00e9curit\u00e9 optimale des \u00e9changes d\u2019informations sur ce r\u00e9seau.<\/p>\n<p>Nous nous effor\u00e7ons de prot\u00e9ger vos donn\u00e9es, mais nous ne pouvons garantir la s\u00e9curit\u00e9 absolue des informations transmises au site. Vous convenez que vous transmettez vos donn\u00e9es \u00e0 vos propres risques.<\/p>\n<p>Nous ne pouvons \u00eatre tenus responsables du non-respect des param\u00e8tres de confidentialit\u00e9 ou des mesures de s\u00e9curit\u00e9 en place sur notre site.<\/p>\n<p>A ce titre, vous convenez que la s\u00e9curit\u00e9 de vos informations est \u00e9galement de votre ressort. Par exemple, il vous incombe de garder secret le mot de passe vous permettant d\u2019acc\u00e9der \u00e0 votre compte d\u2019utilisateur.<\/p>\n<p>Ne le divulguez en aucun cas \u00e0 des tiers. De m\u00eame, soyez vigilant lorsque vous divulguez des informations dans les sections publiques du site, ces derni\u00e8res pouvant \u00eatre consult\u00e9es par n\u2019importe quel utilisateur du site.<\/p>\n<h2>Intrusion frauduleuse<\/h2>\n<p>Si la Soci\u00e9t\u00e9 \u00e9tait victime d\u2019une intrusion frauduleuse dans ses syst\u00e8mes, de vol, de destruction, de perte, d\u2019alt\u00e9ration, de divulgation, d\u2019acc\u00e8s non autoris\u00e9, ou de tout autre acte de malveillance, la Soci\u00e9t\u00e9 s\u2019engage \u00e0 notifier \u00e0 l\u2019utilisateur, la nature de l\u2019intrusion, les cons\u00e9quences probables li\u00e9es \u00e0 l\u2019acte de malveillance, les mesures propos\u00e9es afin de rem\u00e9dier \u00e0 l\u2019acte de malveillance, dans un d\u00e9lai de soixante-douze (72) heures.<\/p>\n<p>L\u2019acte de malveillance pr\u00e9sentant un risque important pour les droits et libert\u00e9s sera communiqu\u00e9 \u00e0 la CNIL, en sa qualit\u00e9 d\u2019autorit\u00e9 de protection.<\/p>\n<h2>Droits d\u2019acc\u00e8s, de rectification et de retrait<\/h2>\n<p>Conform\u00e9ment \u00e0 la loi \u00ab Informatique et Libert\u00e9s \u00bb et le R\u00e8glement G\u00e9n\u00e9ral sur la Protection des Donn\u00e9es (RGPD), vous disposez des droits suivants concernant vos donn\u00e9es personnelles<\/p>\n<p>\u2022 Droit d\u2019acc\u00e8s et de communication des donn\u00e9es<br \/>\nVous avez la facult\u00e9 d\u2019acc\u00e9der aux donn\u00e9es personnelles qui vous concernent.<\/p>\n<p>Cependant, en raison de l\u2019obligation de s\u00e9curit\u00e9 et de confidentialit\u00e9 dans le traitement des donn\u00e9es \u00e0 caract\u00e8re personnel qui incombe \u00e0 P\u00e9gase SARL, vous \u00eates inform\u00e9 que votre demande sera trait\u00e9e sous r\u00e9serve que vous rapportiez la preuve de votre identit\u00e9 en accompagnant votre courrier d\u2019une copie de votre titre d\u2019identit\u00e9 valide, le tout adress\u00e9e par \u00e9crit \u00e0 l\u2019adresse de notre si\u00e8ge social.<\/p>\n<p>Pour vous aider dans votre d\u00e9marche, notamment si vous d\u00e9sirez exercer votre droit d\u2019acc\u00e8s par le biais d\u2019une demande \u00e9crite \u00e0 l\u2019adresse postale de la soci\u00e9t\u00e9, vous trouverez en cliquant sur le lien suivant un mod\u00e8le de courrier \u00e9labor\u00e9 par la CNIL : https:\/\/www.cnil.fr\/fr\/modele\/courrier\/exercer-son-droit-dacces<\/p>\n<p>\u2022 Droit de rectification des donn\u00e9es<br \/>\nAu titre de ce droit, la l\u00e9gislation vous habilite \u00e0 demander la rectification, la mise \u00e0 jour, ou encore l\u2019effacement des donn\u00e9es vous concernant qui peuvent s\u2019av\u00e9rer le cas \u00e9ch\u00e9ant inexactes, erron\u00e9es, incompl\u00e8tes ou obsol\u00e8tes.<\/p>\n<p>Pour vous aider dans votre d\u00e9marche, notamment si vous d\u00e9sirez exercer votre droit de rectification par le biais d\u2019une demande \u00e9crite \u00e0 l\u2019adresse postale de la soci\u00e9t\u00e9, vous trouverez en cliquant sur le lien suivant un mod\u00e8le de courrier \u00e9labor\u00e9 par la CNIL : https:\/\/www.cnil.fr\/fr\/modele\/courrier\/rectifier-des-donnees-inexactes<\/p>\n<p>\u2022 Droit de retrait<br \/>\nL\u2019exercice de ce droit est possible lorsqu\u2019il vise \u00e0 faire obstacle \u00e0 ce que les donn\u00e9es recueillies soient utilis\u00e9es \u00e0 des fins de prospection commerciale.<br \/>\nPour vous aider dans votre d\u00e9marche, notamment si vous d\u00e9sirez exercer votre droit d\u2019opposition par le biais d\u2019une demande \u00e9crite adress\u00e9e \u00e0 l\u2019adresse postale de la soci\u00e9t\u00e9, vous trouverez en cliquant sur le lien suivant un mod\u00e8le de courrier \u00e9labor\u00e9 par la CNIL : https:\/\/www.cnil.fr\/fr\/modele\/courrier\/supprimer-des-informations-vous-concernant-dun-site-internet<\/p>\n<p>P\u00e9gase SARL s\u2019engage \u00e0 r\u00e9pondre \u00e0 votre demande d\u2019acc\u00e8s, de rectification ou d\u2019opposition ou toute autre demande compl\u00e9mentaire d\u2019informations dans un d\u00e9lai raisonnable qui ne saurait d\u00e9passer 1 mois \u00e0 compter de la r\u00e9ception de votre demande, par mail ou par courrier.<\/p>\n<h2>Gestion des Cookies<\/h2>\n<p>LA SARL PEGASE n\u2019utilise pas de proc\u00e9d\u00e9s de collecte automatis\u00e9e de donn\u00e9es (cookies, applet java ou active X).<\/p>\n<p>Le navigateur Internet de l\u2019utilisateur transmettra automatiquement \u00e0 la soci\u00e9t\u00e9 des informations, telles que son adresse IP (Internet Protocol), la version du navigateur du terminal qu\u2019il utilise, et son parcours sur le site.<\/p>\n<p>L\u2019utilisateur peut \u00e0 tout moment configurer son navigateur afin de recevoir une notification lorsqu\u2019un cookie est envoy\u00e9 ou de le(s)refuser. Toutefois, certaines des fonctionnalit\u00e9s des services pourraient ne pas fonctionner sans cookies.<\/p>\n<p>Pour conna\u00eetre les modalit\u00e9s applicables \u00e0 la gestion des cookies stock\u00e9s dans votre navigateur, nous vous invitons \u00e0 consulter le menu d\u2019aide de votre navigateur ainsi que la rubrique \u00ab Vos traces \u00bb du site de la CNIL : https:\/\/www.cnil.fr\/fr\/nouvelles-regles-cookies-et-autres-traceurs-bilan-accompagnement-cnil-actions-a-venir<\/p>\n<h2>Politique de confidentialit\u00e9, autres informations et commentaires<\/h2>\n<h3>Utilisation des donn\u00e9es personnelles collect\u00e9es<\/h3>\n<p>Formulaires de contact<\/p>\n<p>Les informations indiqu\u00e9es dans les formulaires de contact sont destin\u00e9es \u00e0 pouvoir traiter et donner suite \u00e0 votre demande. Dans certains cas, vos informations seront reprises et int\u00e9gr\u00e9es pour que vous puissiez recevoir la newsletter, ou autres moyens de communication\u2026 A aucun moment nous ne communiquons vos donn\u00e9es \u00e0 un tiers sans accord pr\u00e9alable de votre part.<\/p>\n<h3>Compte utilisateur<\/h3>\n<h3>Commande via la boutique<\/h3>\n<h3>Contenu embarqu\u00e9 depuis d\u2019autres sites<\/h3>\n<p>Les pages de ce site peuvent inclure des contenus int\u00e9gr\u00e9s (par exemple des vid\u00e9os). Le contenu int\u00e9gr\u00e9 depuis d\u2019autres sites se comporte de la m\u00eame mani\u00e8re que si le visiteur se rendait sur cet autre site.<\/p>\n<p>Ces sites web pourraient collecter des donn\u00e9es sur vous, utiliser des cookies, embarquer des outils de suivis tiers, suivre vos interactions avec ces contenus embarqu\u00e9s si vous disposez d\u2019un compte connect\u00e9 sur leur site web.<\/p>\n<h3>Statistiques et mesures d\u2019audience<\/h3>\n<h3>Utilisation et transmission de vos donn\u00e9es personnelles<\/h3>\n<h3>Dur\u00e9es de stockage de vos donn\u00e9es<\/h3>\n<p>Pour les utilisateurs et utilisatrices qui s\u2019enregistrent sur notre site, nous stockons les donn\u00e9es personnelles indiqu\u00e9es dans leur profil. Tous les utilisateurs et utilisatrices peuvent voir, modifier ou supprimer leurs informations personnelles \u00e0 tout moment (\u00e0 l\u2019exception de leur nom d\u2019utilisateur(rice). Les gestionnaires du site peuvent aussi voir et modifier ces informations.<\/p>\n<h3>Les droits que vous avez sur vos donn\u00e9es<\/h3>\n<p>Vous pouvez demander la suppression des donn\u00e9es personnelles vous concernant. Cela ne prend pas en compte les donn\u00e9es stock\u00e9es \u00e0 des fins administratives, l\u00e9gales ou pour des raisons de s\u00e9curit\u00e9.<\/p>\n<h2>Informations de contact<\/h2>\n<p>P\u00e9gase SARL<br \/>\nCentre Village \u2013 Lieu-dit Le lavoir<br \/>\n04170 THORAME HAUTE \u2013 FRANCE<br \/>\nT\u00e9l : 06 12 23 15 35<br \/>\ncontact@pegase.org<br \/>\nN\u00b0 SIRET : 444 462 980 00020<br \/>\nN\u00b0 SIREN : 444462980 RCS MANOSQUE<\/p>","protected":false},"excerpt":{"rendered":"<p>Donn\u00e9es personnelles &amp; confidentialit\u00e9 Pr\u00e9ambule Soucieux des donn\u00e9es \u00e0 caract\u00e8re personnel, nous nous engageons \u00e0 assurer la conformit\u00e9 des traitements op\u00e9r\u00e9s dans le cadre du R\u00e8glement 2016\/679 du Parlement Europ\u00e9en sur la Protection des Donn\u00e9es Personnelles (RGPD) entr\u00e9 en vigueur le 25 mai 2018. Pour ce faire, il a \u00e9t\u00e9 mis en place une politique&hellip; <br \/> <a class=\"read-more\" href=\"https:\/\/meta-music.org\/en\/politique-de-confidentialite-2\/\">Read more<\/a><\/p>","protected":false},"author":1,"featured_media":0,"parent":0,"menu_order":0,"comment_status":"closed","ping_status":"closed","template":"","meta":{"footnotes":""},"class_list":["post-2466","page","type-page","status-publish","hentry"],"_links":{"self":[{"href":"https:\/\/meta-music.org\/en\/wp-json\/wp\/v2\/pages\/2466","targetHints":{"allow":["GET"]}}],"collection":[{"href":"https:\/\/meta-music.org\/en\/wp-json\/wp\/v2\/pages"}],"about":[{"href":"https:\/\/meta-music.org\/en\/wp-json\/wp\/v2\/types\/page"}],"author":[{"embeddable":true,"href":"https:\/\/meta-music.org\/en\/wp-json\/wp\/v2\/users\/1"}],"replies":[{"embeddable":true,"href":"https:\/\/meta-music.org\/en\/wp-json\/wp\/v2\/comments?post=2466"}],"version-history":[{"count":0,"href":"https:\/\/meta-music.org\/en\/wp-json\/wp\/v2\/pages\/2466\/revisions"}],"wp:attachment":[{"href":"https:\/\/meta-music.org\/en\/wp-json\/wp\/v2\/media?parent=2466"}],"curies":[{"name":"wp","href":"https:\/\/api.w.org\/{rel}","templated":true}]}}