{"id":1754,"date":"2021-01-01T16:48:50","date_gmt":"2021-01-01T15:48:50","guid":{"rendered":"https:\/\/meta-music.org\/?page_id=1754"},"modified":"2021-01-13T19:30:07","modified_gmt":"2021-01-13T18:30:07","slug":"le-label","status":"publish","type":"page","link":"https:\/\/meta-music.org\/en\/le-label\/","title":{"rendered":"The Label"},"content":{"rendered":"<div data-elementor-type=\"wp-page\" data-elementor-id=\"1754\" class=\"elementor elementor-1754\">\n\t\t\t\t\t\t<section class=\"elementor-section elementor-top-section elementor-element elementor-element-51236b2 elementor-section-stretched elementor-section-boxed elementor-section-height-default elementor-section-height-default\" data-id=\"51236b2\" data-element_type=\"section\" data-settings=\"{&quot;stretch_section&quot;:&quot;section-stretched&quot;,&quot;background_background&quot;:&quot;classic&quot;}\">\n\t\t\t\t\t\t<div class=\"elementor-container elementor-column-gap-default\">\n\t\t\t\t\t<div class=\"elementor-column elementor-col-100 elementor-top-column elementor-element elementor-element-265406e\" data-id=\"265406e\" data-element_type=\"column\">\n\t\t\t<div class=\"elementor-widget-wrap elementor-element-populated\">\n\t\t\t\t\t\t<div class=\"elementor-element elementor-element-38039ad elementor-widget elementor-widget-spacer\" data-id=\"38039ad\" data-element_type=\"widget\" data-widget_type=\"spacer.default\">\n\t\t\t\t<div class=\"elementor-widget-container\">\n\t\t\t\t\t\t\t<div class=\"elementor-spacer\">\n\t\t\t<div class=\"elementor-spacer-inner\"><\/div>\n\t\t<\/div>\n\t\t\t\t\t\t<\/div>\n\t\t\t\t<\/div>\n\t\t\t\t<div class=\"elementor-element elementor-element-1815453 elementor-widget elementor-widget-heading\" data-id=\"1815453\" data-element_type=\"widget\" data-widget_type=\"heading.default\">\n\t\t\t\t<div class=\"elementor-widget-container\">\n\t\t\t\t\t<h2 class=\"elementor-heading-title elementor-size-default\"><b>LABEL<\/b> <i>Meta Music<\/i><\/h2>\t\t\t\t<\/div>\n\t\t\t\t<\/div>\n\t\t\t\t<div class=\"elementor-element elementor-element-0f4ffeb elementor-widget elementor-widget-text-editor\" data-id=\"0f4ffeb\" data-element_type=\"widget\" data-widget_type=\"text-editor.default\">\n\t\t\t\t<div class=\"elementor-widget-container\">\n\t\t\t\t\t\t\t\t\t<p>The Meta Music Label associates artists who work consciously on the purity of their vibration and their intentions in order to transmit them with talent through their music.<\/p>\t\t\t\t\t\t\t\t<\/div>\n\t\t\t\t<\/div>\n\t\t\t\t<div class=\"elementor-element elementor-element-aca8b32 elementor-widget elementor-widget-spacer\" data-id=\"aca8b32\" data-element_type=\"widget\" data-widget_type=\"spacer.default\">\n\t\t\t\t<div class=\"elementor-widget-container\">\n\t\t\t\t\t\t\t<div class=\"elementor-spacer\">\n\t\t\t<div class=\"elementor-spacer-inner\"><\/div>\n\t\t<\/div>\n\t\t\t\t\t\t<\/div>\n\t\t\t\t<\/div>\n\t\t\t\t\t<\/div>\n\t\t<\/div>\n\t\t\t\t\t<\/div>\n\t\t<\/section>\n\t\t\t\t<section class=\"elementor-section elementor-top-section elementor-element elementor-element-2121906 elementor-section-stretched elementor-section-boxed elementor-section-height-default elementor-section-height-default\" data-id=\"2121906\" data-element_type=\"section\" data-settings=\"{&quot;stretch_section&quot;:&quot;section-stretched&quot;,&quot;background_background&quot;:&quot;classic&quot;}\">\n\t\t\t\t\t\t<div class=\"elementor-container elementor-column-gap-default\">\n\t\t\t\t\t<div class=\"elementor-column elementor-col-50 elementor-top-column elementor-element elementor-element-22943e5\" data-id=\"22943e5\" data-element_type=\"column\">\n\t\t\t<div class=\"elementor-widget-wrap elementor-element-populated\">\n\t\t\t\t\t\t<div class=\"elementor-element elementor-element-22dc433 elementor-widget elementor-widget-text-editor\" data-id=\"22dc433\" data-element_type=\"widget\" data-widget_type=\"text-editor.default\">\n\t\t\t\t<div class=\"elementor-widget-container\">\n\t\t\t\t\t\t\t\t\t<p>Meta Music<sup>\u00ae<\/sup> is the label produced and distributed exclusively by P\u00e9gase; Consciously applying itself to guaranteeing the entire chain from design to distribution in the same ethic that seeks to be close to Being.<\/p><p>We offer, depending on the artists, their needs, and above all their intentions and choices, various possibilities to develop their style, what they want to achieve on all level and how to set it up.<\/p><p>Together, we determine what is good and right, in total autonomy and respect for all, each one finding his own place, his role by playing the score of the highest vibration.<\/p>\t\t\t\t\t\t\t\t<\/div>\n\t\t\t\t<\/div>\n\t\t\t\t<div class=\"elementor-element elementor-element-2ad351c elementor-widget elementor-widget-spacer\" data-id=\"2ad351c\" data-element_type=\"widget\" data-widget_type=\"spacer.default\">\n\t\t\t\t<div class=\"elementor-widget-container\">\n\t\t\t\t\t\t\t<div class=\"elementor-spacer\">\n\t\t\t<div class=\"elementor-spacer-inner\"><\/div>\n\t\t<\/div>\n\t\t\t\t\t\t<\/div>\n\t\t\t\t<\/div>\n\t\t\t\t<div class=\"elementor-element elementor-element-8d855ed elementor-widget elementor-widget-spacer\" data-id=\"8d855ed\" data-element_type=\"widget\" data-widget_type=\"spacer.default\">\n\t\t\t\t<div class=\"elementor-widget-container\">\n\t\t\t\t\t\t\t<div class=\"elementor-spacer\">\n\t\t\t<div class=\"elementor-spacer-inner\"><\/div>\n\t\t<\/div>\n\t\t\t\t\t\t<\/div>\n\t\t\t\t<\/div>\n\t\t\t\t\t<\/div>\n\t\t<\/div>\n\t\t\t\t<div class=\"elementor-column elementor-col-50 elementor-top-column elementor-element elementor-element-8224455\" data-id=\"8224455\" data-element_type=\"column\">\n\t\t\t<div class=\"elementor-widget-wrap elementor-element-populated\">\n\t\t\t\t\t\t<div class=\"elementor-element elementor-element-1c5865b elementor-widget elementor-widget-image\" data-id=\"1c5865b\" data-element_type=\"widget\" data-widget_type=\"image.default\">\n\t\t\t\t<div class=\"elementor-widget-container\">\n\t\t\t\t\t\t\t\t\t\t\t\t\t\t\t<img fetchpriority=\"high\" decoding=\"async\" width=\"1024\" height=\"1024\" src=\"https:\/\/meta-music.org\/wp-content\/uploads\/2021\/01\/bg-metamusic_final-1024x1024.png\" class=\"attachment-large size-large wp-image-1786\" alt=\"\" srcset=\"https:\/\/meta-music.org\/wp-content\/uploads\/2021\/01\/bg-metamusic_final-1024x1024.png 1024w, https:\/\/meta-music.org\/wp-content\/uploads\/2021\/01\/bg-metamusic_final-300x300.png 300w, https:\/\/meta-music.org\/wp-content\/uploads\/2021\/01\/bg-metamusic_final-150x150.png 150w, https:\/\/meta-music.org\/wp-content\/uploads\/2021\/01\/bg-metamusic_final-768x768.png 768w, https:\/\/meta-music.org\/wp-content\/uploads\/2021\/01\/bg-metamusic_final-1536x1536.png 1536w, https:\/\/meta-music.org\/wp-content\/uploads\/2021\/01\/bg-metamusic_final-2048x2048.png 2048w, https:\/\/meta-music.org\/wp-content\/uploads\/2021\/01\/bg-metamusic_final-1080x1080.png 1080w, https:\/\/meta-music.org\/wp-content\/uploads\/2021\/01\/bg-metamusic_final-100x100.png 100w\" sizes=\"(max-width: 1024px) 100vw, 1024px\" \/>\t\t\t\t\t\t\t\t\t\t\t\t\t\t\t<\/div>\n\t\t\t\t<\/div>\n\t\t\t\t\t<\/div>\n\t\t<\/div>\n\t\t\t\t\t<\/div>\n\t\t<\/section>\n\t\t\t\t<section class=\"elementor-section elementor-top-section elementor-element elementor-element-e3160d1 elementor-section-full_width elementor-section-stretched elementor-section-height-default elementor-section-height-default\" data-id=\"e3160d1\" data-element_type=\"section\" data-settings=\"{&quot;stretch_section&quot;:&quot;section-stretched&quot;,&quot;background_background&quot;:&quot;classic&quot;}\">\n\t\t\t\t\t\t\t<div class=\"elementor-background-overlay\"><\/div>\n\t\t\t\t\t\t\t<div class=\"elementor-container elementor-column-gap-default\">\n\t\t\t\t\t<div class=\"elementor-column elementor-col-33 elementor-top-column elementor-element elementor-element-e60cc43\" data-id=\"e60cc43\" data-element_type=\"column\">\n\t\t\t<div class=\"elementor-widget-wrap elementor-element-populated\">\n\t\t\t\t\t\t<div class=\"elementor-element elementor-element-7d034e8 elementor-widget elementor-widget-image\" data-id=\"7d034e8\" data-element_type=\"widget\" data-widget_type=\"image.default\">\n\t\t\t\t<div class=\"elementor-widget-container\">\n\t\t\t\t\t\t\t\t\t\t\t\t\t\t\t<img decoding=\"async\" width=\"895\" height=\"378\" src=\"https:\/\/meta-music.org\/wp-content\/uploads\/2020\/12\/pegase_logo.png\" class=\"attachment-large size-large wp-image-733\" alt=\"\" srcset=\"https:\/\/meta-music.org\/wp-content\/uploads\/2020\/12\/pegase_logo.png 895w, https:\/\/meta-music.org\/wp-content\/uploads\/2020\/12\/pegase_logo-300x127.png 300w, https:\/\/meta-music.org\/wp-content\/uploads\/2020\/12\/pegase_logo-768x324.png 768w\" sizes=\"(max-width: 895px) 100vw, 895px\" \/>\t\t\t\t\t\t\t\t\t\t\t\t\t\t\t<\/div>\n\t\t\t\t<\/div>\n\t\t\t\t\t<\/div>\n\t\t<\/div>\n\t\t\t\t<div class=\"elementor-column elementor-col-33 elementor-top-column elementor-element elementor-element-93209be\" data-id=\"93209be\" data-element_type=\"column\">\n\t\t\t<div class=\"elementor-widget-wrap elementor-element-populated\">\n\t\t\t\t\t\t<div class=\"elementor-element elementor-element-db47a9b elementor-widget elementor-widget-heading\" data-id=\"db47a9b\" data-element_type=\"widget\" data-widget_type=\"heading.default\">\n\t\t\t\t<div class=\"elementor-widget-container\">\n\t\t\t\t\t<h2 class=\"elementor-heading-title elementor-size-default\">Meta Music\u00ae is edited, produced and distributed by <br>P\u00e9gase\u00ae Production Distribution<\/h2>\t\t\t\t<\/div>\n\t\t\t\t<\/div>\n\t\t\t\t<div class=\"elementor-element elementor-element-34c6ff5 elementor-widget elementor-widget-text-editor\" data-id=\"34c6ff5\" data-element_type=\"widget\" data-widget_type=\"text-editor.default\">\n\t\t\t\t<div class=\"elementor-widget-container\">\n\t\t\t\t\t\t\t\t\t<p><a href=\"http:\/\/pegase.org\" target=\"_blank\" rel=\"noopener\">Learn more about P\u00e9gase<\/a><\/p>\t\t\t\t\t\t\t\t<\/div>\n\t\t\t\t<\/div>\n\t\t\t\t\t<\/div>\n\t\t<\/div>\n\t\t\t\t<div class=\"elementor-column elementor-col-33 elementor-top-column elementor-element elementor-element-37f1a91\" data-id=\"37f1a91\" data-element_type=\"column\">\n\t\t\t<div class=\"elementor-widget-wrap\">\n\t\t\t\t\t\t\t<\/div>\n\t\t<\/div>\n\t\t\t\t\t<\/div>\n\t\t<\/section>\n\t\t\t\t<\/div>","protected":false},"excerpt":{"rendered":"<p>LE LABEL Meta Music associe des artistes qui travaillent consciemment sur la puret\u00e9 de leur vibration et leurs intentions, afin de les transmettre avec talent \u00e0 travers leur musique. Meta Music\u00ae est le label produit et distribu\u00e9 exclusivement par P\u00e9gase ; s\u2019appliquant ainsi consciemment \u00e0 garantir toute la cha\u00eene de la conception \u00e0 la distribution&hellip; <br \/> <a class=\"read-more\" href=\"https:\/\/meta-music.org\/en\/le-label\/\">Read more<\/a><\/p>","protected":false},"author":1,"featured_media":0,"parent":0,"menu_order":0,"comment_status":"closed","ping_status":"closed","template":"","meta":{"footnotes":""},"class_list":["post-1754","page","type-page","status-publish","hentry"],"_links":{"self":[{"href":"https:\/\/meta-music.org\/en\/wp-json\/wp\/v2\/pages\/1754","targetHints":{"allow":["GET"]}}],"collection":[{"href":"https:\/\/meta-music.org\/en\/wp-json\/wp\/v2\/pages"}],"about":[{"href":"https:\/\/meta-music.org\/en\/wp-json\/wp\/v2\/types\/page"}],"author":[{"embeddable":true,"href":"https:\/\/meta-music.org\/en\/wp-json\/wp\/v2\/users\/1"}],"replies":[{"embeddable":true,"href":"https:\/\/meta-music.org\/en\/wp-json\/wp\/v2\/comments?post=1754"}],"version-history":[{"count":0,"href":"https:\/\/meta-music.org\/en\/wp-json\/wp\/v2\/pages\/1754\/revisions"}],"wp:attachment":[{"href":"https:\/\/meta-music.org\/en\/wp-json\/wp\/v2\/media?parent=1754"}],"curies":[{"name":"wp","href":"https:\/\/api.w.org\/{rel}","templated":true}]}}